{"id":921,"date":"2024-07-23T16:16:22","date_gmt":"2024-07-23T14:16:22","guid":{"rendered":"https:\/\/paintgallery.pl\/?post_type=product&#038;p=921"},"modified":"2025-06-13T11:45:18","modified_gmt":"2025-06-13T09:45:18","slug":"zakupy","status":"publish","type":"product","link":"https:\/\/paintgallery.pl\/en\/product\/zakupy\/","title":{"rendered":"Zakupy"},"content":{"rendered":"<p>Obraz na p\u0142\u00f3tnie, malowany farbami akrylowymi, o wymiarach 100&#215;50 cm.<\/p>","protected":false},"excerpt":{"rendered":"<p>Obraz na p\u0142\u00f3tnie, malowany farbami akrylowymi, o wymiarach 100&#215;50 cm.<\/p>","protected":false},"featured_media":907,"template":"","meta":{"slim_seo":{"title":"Zakupy - Paint Gallery | Galeria obraz\u00f3w","description":"Obraz na p\u0142\u00f3tnie, malowany farbami akrylowymi, o wymiarach 100x50 cm."}},"product_brand":[],"product_cat":[23,104],"product_tag":[],"class_list":{"0":"post-921","1":"product","2":"type-product","3":"status-publish","4":"has-post-thumbnail","6":"product_cat-akryl","7":"product_cat-postacie","9":"first","10":"onbackorder","11":"shipping-taxable","12":"purchasable","13":"product-type-simple"},"_links":{"self":[{"href":"https:\/\/paintgallery.pl\/en\/wp-json\/wp\/v2\/product\/921","targetHints":{"allow":["GET"]}}],"collection":[{"href":"https:\/\/paintgallery.pl\/en\/wp-json\/wp\/v2\/product"}],"about":[{"href":"https:\/\/paintgallery.pl\/en\/wp-json\/wp\/v2\/types\/product"}],"wp:featuredmedia":[{"embeddable":true,"href":"https:\/\/paintgallery.pl\/en\/wp-json\/wp\/v2\/media\/907"}],"wp:attachment":[{"href":"https:\/\/paintgallery.pl\/en\/wp-json\/wp\/v2\/media?parent=921"}],"wp:term":[{"taxonomy":"product_brand","embeddable":true,"href":"https:\/\/paintgallery.pl\/en\/wp-json\/wp\/v2\/product_brand?post=921"},{"taxonomy":"product_cat","embeddable":true,"href":"https:\/\/paintgallery.pl\/en\/wp-json\/wp\/v2\/product_cat?post=921"},{"taxonomy":"product_tag","embeddable":true,"href":"https:\/\/paintgallery.pl\/en\/wp-json\/wp\/v2\/product_tag?post=921"}],"curies":[{"name":"wp","href":"https:\/\/api.w.org\/{rel}","templated":true}]}}