{"id":819,"date":"2021-11-23T19:56:38","date_gmt":"2021-11-23T18:56:38","guid":{"rendered":"https:\/\/paintgallery.pl\/?post_type=product&#038;p=819"},"modified":"2025-06-25T14:00:22","modified_gmt":"2025-06-25T12:00:22","slug":"bliskosc","status":"publish","type":"product","link":"https:\/\/paintgallery.pl\/en\/product\/bliskosc\/","title":{"rendered":"Blisko\u015b\u0107"},"content":{"rendered":"<p>Obraz na p\u0142\u00f3tnie, malowany farbami olejnymi, o wymiarach 80&#215;50 cm. Obraz jest werniksowany werniksem damarowym, jest sygnowany nazwiskiem autora.<\/p>","protected":false},"excerpt":{"rendered":"<p>Obraz na p\u0142\u00f3tnie, malowany farbami olejnymi, o wymiarach 80&#215;50 cm. Obraz jest werniksowany werniksem damarowym, jest sygnowany nazwiskiem autora.<\/p>","protected":false},"featured_media":820,"template":"","meta":{"slim_seo":{"title":"Blisko\u015b\u0107 - Paint Gallery | Galeria obraz\u00f3w","description":"Obraz na p\u0142\u00f3tnie, malowany farbami olejnymi, o wymiarach 80x50 cm. Obraz jest werniksowany werniksem damarowym, jest sygnowany nazwiskiem autora."}},"product_brand":[],"product_cat":[22,105],"product_tag":[],"class_list":{"0":"post-819","1":"product","2":"type-product","3":"status-publish","4":"has-post-thumbnail","6":"product_cat-olej","7":"product_cat-surrealizm","9":"first","10":"onbackorder","11":"shipping-taxable","12":"purchasable","13":"product-type-simple"},"_links":{"self":[{"href":"https:\/\/paintgallery.pl\/en\/wp-json\/wp\/v2\/product\/819","targetHints":{"allow":["GET"]}}],"collection":[{"href":"https:\/\/paintgallery.pl\/en\/wp-json\/wp\/v2\/product"}],"about":[{"href":"https:\/\/paintgallery.pl\/en\/wp-json\/wp\/v2\/types\/product"}],"wp:featuredmedia":[{"embeddable":true,"href":"https:\/\/paintgallery.pl\/en\/wp-json\/wp\/v2\/media\/820"}],"wp:attachment":[{"href":"https:\/\/paintgallery.pl\/en\/wp-json\/wp\/v2\/media?parent=819"}],"wp:term":[{"taxonomy":"product_brand","embeddable":true,"href":"https:\/\/paintgallery.pl\/en\/wp-json\/wp\/v2\/product_brand?post=819"},{"taxonomy":"product_cat","embeddable":true,"href":"https:\/\/paintgallery.pl\/en\/wp-json\/wp\/v2\/product_cat?post=819"},{"taxonomy":"product_tag","embeddable":true,"href":"https:\/\/paintgallery.pl\/en\/wp-json\/wp\/v2\/product_tag?post=819"}],"curies":[{"name":"wp","href":"https:\/\/api.w.org\/{rel}","templated":true}]}}