{"id":515,"date":"2021-03-02T13:30:23","date_gmt":"2021-03-02T12:30:23","guid":{"rendered":"https:\/\/paintgallery.pl\/?post_type=product&#038;p=515"},"modified":"2025-06-13T12:30:04","modified_gmt":"2025-06-13T10:30:04","slug":"piwonie-2","status":"publish","type":"product","link":"https:\/\/paintgallery.pl\/en\/product\/piwonie-2\/","title":{"rendered":"Piwonie"},"content":{"rendered":"<p>Obraz na p\u0142\u00f3tnie, malowany farbami olejnymi, o wymiarach 30&#215;40 cm. Obraz jest werniksowany werniksem damarowym, jest sygnowany nazwiskiem autora.<\/p>","protected":false},"excerpt":{"rendered":"<p>Obraz na p\u0142\u00f3tnie, malowany farbami olejnymi, o wymiarach 30&#215;40 cm. Obraz jest werniksowany werniksem damarowym, jest sygnowany nazwiskiem autora.<\/p>","protected":false},"featured_media":516,"template":"","meta":{"slim_seo":{"title":"Piwonie - Paint Gallery | Galeria obraz\u00f3w","description":"Obraz na p\u0142\u00f3tnie, malowany farbami olejnymi, o wymiarach 30x40 cm. Obraz jest werniksowany werniksem damarowym, jest sygnowany nazwiskiem autora."}},"product_brand":[],"product_cat":[101,102,22],"product_tag":[],"class_list":{"0":"post-515","1":"product","2":"type-product","3":"status-publish","4":"has-post-thumbnail","6":"product_cat-kwiaty","7":"product_cat-martwa-natura","8":"product_cat-olej","10":"first","11":"onbackorder","12":"shipping-taxable","13":"purchasable","14":"product-type-simple"},"_links":{"self":[{"href":"https:\/\/paintgallery.pl\/en\/wp-json\/wp\/v2\/product\/515","targetHints":{"allow":["GET"]}}],"collection":[{"href":"https:\/\/paintgallery.pl\/en\/wp-json\/wp\/v2\/product"}],"about":[{"href":"https:\/\/paintgallery.pl\/en\/wp-json\/wp\/v2\/types\/product"}],"wp:featuredmedia":[{"embeddable":true,"href":"https:\/\/paintgallery.pl\/en\/wp-json\/wp\/v2\/media\/516"}],"wp:attachment":[{"href":"https:\/\/paintgallery.pl\/en\/wp-json\/wp\/v2\/media?parent=515"}],"wp:term":[{"taxonomy":"product_brand","embeddable":true,"href":"https:\/\/paintgallery.pl\/en\/wp-json\/wp\/v2\/product_brand?post=515"},{"taxonomy":"product_cat","embeddable":true,"href":"https:\/\/paintgallery.pl\/en\/wp-json\/wp\/v2\/product_cat?post=515"},{"taxonomy":"product_tag","embeddable":true,"href":"https:\/\/paintgallery.pl\/en\/wp-json\/wp\/v2\/product_tag?post=515"}],"curies":[{"name":"wp","href":"https:\/\/api.w.org\/{rel}","templated":true}]}}