{"id":467,"date":"2021-02-14T16:59:04","date_gmt":"2021-02-14T15:59:04","guid":{"rendered":"https:\/\/paintgallery.pl\/?post_type=product&#038;p=467"},"modified":"2025-06-13T12:31:10","modified_gmt":"2025-06-13T10:31:10","slug":"baletnica-2","status":"publish","type":"product","link":"https:\/\/paintgallery.pl\/en\/product\/baletnica-2\/","title":{"rendered":"Baletnica"},"content":{"rendered":"<p>Obraz na p\u0142\u00f3tnie, malowany farbami olejnymi, o wymiarach 60&#215;80 cm. Obraz jest werniksowany werniksem damarowym, jest sygnowany nazwiskiem autora.<\/p>","protected":false},"excerpt":{"rendered":"<p>Obraz na p\u0142\u00f3tnie, malowany farbami olejnymi, o wymiarach 60&#215;80 cm. Obraz jest werniksowany werniksem damarowym, jest sygnowany nazwiskiem autora.<\/p>","protected":false},"featured_media":387,"template":"","meta":{"slim_seo":{"title":"Baletnica - Paint Gallery | Galeria obraz\u00f3w","description":"Obraz na p\u0142\u00f3tnie, malowany farbami olejnymi, o wymiarach 60x80 cm. Obraz jest werniksowany werniksem damarowym, jest sygnowany nazwiskiem autora."}},"product_brand":[],"product_cat":[22,104],"product_tag":[],"class_list":{"0":"post-467","1":"product","2":"type-product","3":"status-publish","4":"has-post-thumbnail","6":"product_cat-olej","7":"product_cat-postacie","9":"first","10":"onbackorder","11":"shipping-taxable","12":"purchasable","13":"product-type-simple"},"_links":{"self":[{"href":"https:\/\/paintgallery.pl\/en\/wp-json\/wp\/v2\/product\/467","targetHints":{"allow":["GET"]}}],"collection":[{"href":"https:\/\/paintgallery.pl\/en\/wp-json\/wp\/v2\/product"}],"about":[{"href":"https:\/\/paintgallery.pl\/en\/wp-json\/wp\/v2\/types\/product"}],"wp:featuredmedia":[{"embeddable":true,"href":"https:\/\/paintgallery.pl\/en\/wp-json\/wp\/v2\/media\/387"}],"wp:attachment":[{"href":"https:\/\/paintgallery.pl\/en\/wp-json\/wp\/v2\/media?parent=467"}],"wp:term":[{"taxonomy":"product_brand","embeddable":true,"href":"https:\/\/paintgallery.pl\/en\/wp-json\/wp\/v2\/product_brand?post=467"},{"taxonomy":"product_cat","embeddable":true,"href":"https:\/\/paintgallery.pl\/en\/wp-json\/wp\/v2\/product_cat?post=467"},{"taxonomy":"product_tag","embeddable":true,"href":"https:\/\/paintgallery.pl\/en\/wp-json\/wp\/v2\/product_tag?post=467"}],"curies":[{"name":"wp","href":"https:\/\/api.w.org\/{rel}","templated":true}]}}