{"id":452,"date":"2021-02-14T16:42:48","date_gmt":"2021-02-14T15:42:48","guid":{"rendered":"https:\/\/paintgallery.pl\/?post_type=product&#038;p=452"},"modified":"2025-06-13T12:32:20","modified_gmt":"2025-06-13T10:32:20","slug":"slon","status":"publish","type":"product","link":"https:\/\/paintgallery.pl\/en\/product\/slon\/","title":{"rendered":"S\u0142o\u0144"},"content":{"rendered":"<p>Obraz na p\u0142\u00f3tnie, malowany farbami olejnymi, o wymiarach 60&#215;50 cm. Obraz jest werniksowany werniksem damarowym, jest sygnowany nazwiskiem autora.<\/p>","protected":false},"excerpt":{"rendered":"<p>Obraz na p\u0142\u00f3tnie, malowany farbami olejnymi, o wymiarach 60&#215;50 cm. Obraz jest werniksowany werniksem damarowym, jest sygnowany nazwiskiem autora.<\/p>","protected":false},"featured_media":373,"template":"","meta":{"slim_seo":{"title":"S\u0142o\u0144 - Paint Gallery | Galeria obraz\u00f3w","description":"Obraz na p\u0142\u00f3tnie, malowany farbami olejnymi, o wymiarach 60x50 cm. Obraz jest werniksowany werniksem damarowym, jest sygnowany nazwiskiem autora."}},"product_brand":[],"product_cat":[22,94],"product_tag":[],"class_list":{"0":"post-452","1":"product","2":"type-product","3":"status-publish","4":"has-post-thumbnail","6":"product_cat-olej","7":"product_cat-zwierzeta","9":"first","10":"instock","11":"shipping-taxable","12":"purchasable","13":"product-type-simple"},"_links":{"self":[{"href":"https:\/\/paintgallery.pl\/en\/wp-json\/wp\/v2\/product\/452","targetHints":{"allow":["GET"]}}],"collection":[{"href":"https:\/\/paintgallery.pl\/en\/wp-json\/wp\/v2\/product"}],"about":[{"href":"https:\/\/paintgallery.pl\/en\/wp-json\/wp\/v2\/types\/product"}],"wp:featuredmedia":[{"embeddable":true,"href":"https:\/\/paintgallery.pl\/en\/wp-json\/wp\/v2\/media\/373"}],"wp:attachment":[{"href":"https:\/\/paintgallery.pl\/en\/wp-json\/wp\/v2\/media?parent=452"}],"wp:term":[{"taxonomy":"product_brand","embeddable":true,"href":"https:\/\/paintgallery.pl\/en\/wp-json\/wp\/v2\/product_brand?post=452"},{"taxonomy":"product_cat","embeddable":true,"href":"https:\/\/paintgallery.pl\/en\/wp-json\/wp\/v2\/product_cat?post=452"},{"taxonomy":"product_tag","embeddable":true,"href":"https:\/\/paintgallery.pl\/en\/wp-json\/wp\/v2\/product_tag?post=452"}],"curies":[{"name":"wp","href":"https:\/\/api.w.org\/{rel}","templated":true}]}}