{"id":246,"date":"2020-12-03T15:35:54","date_gmt":"2020-12-03T14:35:54","guid":{"rendered":"https:\/\/paintgallery.pl\/?post_type=product&#038;p=246"},"modified":"2025-06-13T12:34:08","modified_gmt":"2025-06-13T10:34:08","slug":"nad-jeziorem","status":"publish","type":"product","link":"https:\/\/paintgallery.pl\/en\/product\/nad-jeziorem\/","title":{"rendered":"Nad jeziorem"},"content":{"rendered":"<p>Obraz na p\u0142\u00f3tnie, malowany farbami olejnymi, o wymiarach 50&#215;40 cm. Obraz jest werniksowany werniksem damarowym, jest sygnowany nazwiskiem autora. Gruba faktura farby.<\/p>","protected":false},"excerpt":{"rendered":"<p>Obraz na p\u0142\u00f3tnie, malowany farbami olejnymi, o wymiarach 50&#215;40 cm. Obraz jest werniksowany werniksem damarowym, jest sygnowany nazwiskiem autora. Gruba faktura farby.<\/p>","protected":false},"featured_media":479,"template":"","meta":{"slim_seo":{"title":"Nad jeziorem - Paint Gallery | Galeria obraz\u00f3w","description":"Obraz na p\u0142\u00f3tnie, malowany farbami olejnymi, o wymiarach 50x40 cm. Obraz jest werniksowany werniksem damarowym, jest sygnowany nazwiskiem autora. Gruba faktura"}},"product_brand":[],"product_cat":[22,93],"product_tag":[],"class_list":{"0":"post-246","1":"product","2":"type-product","3":"status-publish","4":"has-post-thumbnail","6":"product_cat-olej","7":"product_cat-pejzaze","9":"first","10":"onbackorder","11":"sold-individually","12":"shipping-taxable","13":"purchasable","14":"product-type-simple"},"_links":{"self":[{"href":"https:\/\/paintgallery.pl\/en\/wp-json\/wp\/v2\/product\/246","targetHints":{"allow":["GET"]}}],"collection":[{"href":"https:\/\/paintgallery.pl\/en\/wp-json\/wp\/v2\/product"}],"about":[{"href":"https:\/\/paintgallery.pl\/en\/wp-json\/wp\/v2\/types\/product"}],"wp:featuredmedia":[{"embeddable":true,"href":"https:\/\/paintgallery.pl\/en\/wp-json\/wp\/v2\/media\/479"}],"wp:attachment":[{"href":"https:\/\/paintgallery.pl\/en\/wp-json\/wp\/v2\/media?parent=246"}],"wp:term":[{"taxonomy":"product_brand","embeddable":true,"href":"https:\/\/paintgallery.pl\/en\/wp-json\/wp\/v2\/product_brand?post=246"},{"taxonomy":"product_cat","embeddable":true,"href":"https:\/\/paintgallery.pl\/en\/wp-json\/wp\/v2\/product_cat?post=246"},{"taxonomy":"product_tag","embeddable":true,"href":"https:\/\/paintgallery.pl\/en\/wp-json\/wp\/v2\/product_tag?post=246"}],"curies":[{"name":"wp","href":"https:\/\/api.w.org\/{rel}","templated":true}]}}