{"id":233,"date":"2020-12-03T14:33:13","date_gmt":"2020-12-03T13:33:13","guid":{"rendered":"https:\/\/paintgallery.pl\/?post_type=product&#038;p=233"},"modified":"2025-06-13T12:36:35","modified_gmt":"2025-06-13T10:36:35","slug":"kobieta-z-kotem","status":"publish","type":"product","link":"https:\/\/paintgallery.pl\/en\/product\/kobieta-z-kotem\/","title":{"rendered":"Kobieta z kotem"},"content":{"rendered":"<p>Obraz na p\u0142\u00f3tnie, malowany farbami olejnymi, o wymiarach 50&#215;50 cm. Obraz jest werniksowany werniksem damarowym, jest sygnowany nazwiskiem autora. Gruba faktura farby.<\/p>","protected":false},"excerpt":{"rendered":"<p>Obraz na p\u0142\u00f3tnie, malowany farbami olejnymi, o wymiarach 50&#215;50 cm. Obraz jest werniksowany werniksem damarowym, jest sygnowany nazwiskiem autora. Gruba faktura farby.<\/p>","protected":false},"featured_media":490,"template":"","meta":{"slim_seo":{"title":"Kobieta z kotem - Paint Gallery | Galeria obraz\u00f3w","description":"Obraz na p\u0142\u00f3tnie, malowany farbami olejnymi, o wymiarach 50x50 cm. Obraz jest werniksowany werniksem damarowym, jest sygnowany nazwiskiem autora. Gruba faktura"}},"product_brand":[],"product_cat":[22,105],"product_tag":[],"class_list":{"0":"post-233","1":"product","2":"type-product","3":"status-publish","4":"has-post-thumbnail","6":"product_cat-olej","7":"product_cat-surrealizm","9":"first","10":"onbackorder","11":"shipping-taxable","12":"purchasable","13":"product-type-simple"},"_links":{"self":[{"href":"https:\/\/paintgallery.pl\/en\/wp-json\/wp\/v2\/product\/233","targetHints":{"allow":["GET"]}}],"collection":[{"href":"https:\/\/paintgallery.pl\/en\/wp-json\/wp\/v2\/product"}],"about":[{"href":"https:\/\/paintgallery.pl\/en\/wp-json\/wp\/v2\/types\/product"}],"wp:featuredmedia":[{"embeddable":true,"href":"https:\/\/paintgallery.pl\/en\/wp-json\/wp\/v2\/media\/490"}],"wp:attachment":[{"href":"https:\/\/paintgallery.pl\/en\/wp-json\/wp\/v2\/media?parent=233"}],"wp:term":[{"taxonomy":"product_brand","embeddable":true,"href":"https:\/\/paintgallery.pl\/en\/wp-json\/wp\/v2\/product_brand?post=233"},{"taxonomy":"product_cat","embeddable":true,"href":"https:\/\/paintgallery.pl\/en\/wp-json\/wp\/v2\/product_cat?post=233"},{"taxonomy":"product_tag","embeddable":true,"href":"https:\/\/paintgallery.pl\/en\/wp-json\/wp\/v2\/product_tag?post=233"}],"curies":[{"name":"wp","href":"https:\/\/api.w.org\/{rel}","templated":true}]}}