{"id":1853,"date":"2026-02-28T12:55:46","date_gmt":"2026-02-28T11:55:46","guid":{"rendered":"https:\/\/paintgallery.pl\/?post_type=product&#038;p=1853"},"modified":"2026-02-28T12:55:46","modified_gmt":"2026-02-28T11:55:46","slug":"wiejska-chatka","status":"publish","type":"product","link":"https:\/\/paintgallery.pl\/en\/product\/wiejska-chatka\/","title":{"rendered":"Wiejska chatka"},"content":{"rendered":"<p>Autor: Tomasz Bednarski<br \/>\nObraz: olejny na p\u0142\u00f3tnie, r\u0119cznie malowany, werniksowany<br \/>\nWymiary: 24 x 18 cm<br \/>\nSygnowany odr\u0119cznym podpisem.<\/p>","protected":false},"excerpt":{"rendered":"<p>Autor: Tomasz Bednarski Obraz: olejny na p\u0142\u00f3tnie, r\u0119cznie malowany, werniksowany Wymiary: 24 x 18 cm Sygnowany odr\u0119cznym podpisem.<\/p>","protected":false},"featured_media":1854,"template":"","meta":{"slim_seo":{"title":"Wiejska chatka - Paint Gallery | Galeria obraz\u00f3w","description":"Autor: Tomasz Bednarski Obraz: olejny na p\u0142\u00f3tnie, r\u0119cznie malowany, werniksowany Wymiary: 24 x 18 cm Sygnowany odr\u0119cznym podpisem."}},"product_brand":[],"product_cat":[97,99,22],"product_tag":[],"class_list":{"0":"post-1853","1":"product","2":"type-product","3":"status-publish","4":"has-post-thumbnail","6":"product_cat-architektura","7":"product_cat-chaty","8":"product_cat-olej","10":"first","11":"instock","12":"shipping-taxable","13":"purchasable","14":"product-type-simple"},"_links":{"self":[{"href":"https:\/\/paintgallery.pl\/en\/wp-json\/wp\/v2\/product\/1853","targetHints":{"allow":["GET"]}}],"collection":[{"href":"https:\/\/paintgallery.pl\/en\/wp-json\/wp\/v2\/product"}],"about":[{"href":"https:\/\/paintgallery.pl\/en\/wp-json\/wp\/v2\/types\/product"}],"wp:featuredmedia":[{"embeddable":true,"href":"https:\/\/paintgallery.pl\/en\/wp-json\/wp\/v2\/media\/1854"}],"wp:attachment":[{"href":"https:\/\/paintgallery.pl\/en\/wp-json\/wp\/v2\/media?parent=1853"}],"wp:term":[{"taxonomy":"product_brand","embeddable":true,"href":"https:\/\/paintgallery.pl\/en\/wp-json\/wp\/v2\/product_brand?post=1853"},{"taxonomy":"product_cat","embeddable":true,"href":"https:\/\/paintgallery.pl\/en\/wp-json\/wp\/v2\/product_cat?post=1853"},{"taxonomy":"product_tag","embeddable":true,"href":"https:\/\/paintgallery.pl\/en\/wp-json\/wp\/v2\/product_tag?post=1853"}],"curies":[{"name":"wp","href":"https:\/\/api.w.org\/{rel}","templated":true}]}}