{"id":1843,"date":"2026-02-20T13:14:53","date_gmt":"2026-02-20T12:14:53","guid":{"rendered":"https:\/\/paintgallery.pl\/?post_type=product&#038;p=1843"},"modified":"2026-03-03T14:51:21","modified_gmt":"2026-03-03T13:51:21","slug":"kaczor-donald","status":"publish","type":"product","link":"https:\/\/paintgallery.pl\/en\/product\/kaczor-donald\/","title":{"rendered":"Kaczor Donald"},"content":{"rendered":"<p>Autor: Tomasz Bednarski<br \/>\nObraz: akryl na p\u0142\u00f3tnie, r\u0119cznie malowany, werniksowany<br \/>\nWymiary: 50 x 50 cm<br \/>\nSygnowany odr\u0119cznym podpisem.<\/p>","protected":false},"excerpt":{"rendered":"<p>Autor: Tomasz Bednarski Obraz: akryl na p\u0142\u00f3tnie, r\u0119cznie malowany, werniksowany Wymiary: 50 x 50 cm Sygnowany odr\u0119cznym podpisem.<\/p>","protected":false},"featured_media":1844,"template":"","meta":{"slim_seo":{"title":"Kaczor Donald - Paint Gallery | Galeria obraz\u00f3w","description":"Autor: Tomasz Bednarski Obraz: akryl na p\u0142\u00f3tnie, r\u0119cznie malowany, werniksowany Wymiary: 50 x 50 cm Sygnowany odr\u0119cznym podpisem."}},"product_brand":[],"product_cat":[23,105],"product_tag":[],"class_list":{"0":"post-1843","1":"product","2":"type-product","3":"status-publish","4":"has-post-thumbnail","6":"product_cat-akryl","7":"product_cat-surrealizm","9":"first","10":"onbackorder","11":"shipping-taxable","12":"purchasable","13":"product-type-simple"},"_links":{"self":[{"href":"https:\/\/paintgallery.pl\/en\/wp-json\/wp\/v2\/product\/1843","targetHints":{"allow":["GET"]}}],"collection":[{"href":"https:\/\/paintgallery.pl\/en\/wp-json\/wp\/v2\/product"}],"about":[{"href":"https:\/\/paintgallery.pl\/en\/wp-json\/wp\/v2\/types\/product"}],"wp:featuredmedia":[{"embeddable":true,"href":"https:\/\/paintgallery.pl\/en\/wp-json\/wp\/v2\/media\/1844"}],"wp:attachment":[{"href":"https:\/\/paintgallery.pl\/en\/wp-json\/wp\/v2\/media?parent=1843"}],"wp:term":[{"taxonomy":"product_brand","embeddable":true,"href":"https:\/\/paintgallery.pl\/en\/wp-json\/wp\/v2\/product_brand?post=1843"},{"taxonomy":"product_cat","embeddable":true,"href":"https:\/\/paintgallery.pl\/en\/wp-json\/wp\/v2\/product_cat?post=1843"},{"taxonomy":"product_tag","embeddable":true,"href":"https:\/\/paintgallery.pl\/en\/wp-json\/wp\/v2\/product_tag?post=1843"}],"curies":[{"name":"wp","href":"https:\/\/api.w.org\/{rel}","templated":true}]}}