{"id":1822,"date":"2026-02-14T11:13:42","date_gmt":"2026-02-14T10:13:42","guid":{"rendered":"https:\/\/paintgallery.pl\/?post_type=product&#038;p=1822"},"modified":"2026-02-18T14:19:14","modified_gmt":"2026-02-18T13:19:14","slug":"maly-ksiaze-i-roza","status":"publish","type":"product","link":"https:\/\/paintgallery.pl\/en\/product\/maly-ksiaze-i-roza\/","title":{"rendered":"Ma\u0142y ksi\u0105\u017c\u0119 i r\u00f3\u017ca"},"content":{"rendered":"<p>Autor: Katarzyna Nowak<br \/>\nObraz: akryl na p\u0142\u00f3tnie, r\u0119cznie malowany, werniksowany, gruba szpachla<br \/>\nWymiary: 30 x 30 cm<br \/>\nSygnowany odr\u0119cznym podpisem.<\/p>","protected":false},"excerpt":{"rendered":"<p>Autor: Katarzyna Nowak Obraz: akryl na p\u0142\u00f3tnie, r\u0119cznie malowany, werniksowany, gruba szpachla Wymiary: 30 x 30 cm Sygnowany odr\u0119cznym podpisem.<\/p>","protected":false},"featured_media":1823,"template":"","meta":{"slim_seo":{"title":"Ma\u0142y ksi\u0105\u017c\u0119 i r\u00f3\u017ca - Paint Gallery | Galeria obraz\u00f3w","description":"Autor: Katarzyna Nowak Obraz: akryl na p\u0142\u00f3tnie, r\u0119cznie malowany, werniksowany, gruba szpachla Wymiary: 30 x 30 cm Sygnowany odr\u0119cznym podpisem."}},"product_brand":[],"product_cat":[23,105],"product_tag":[],"class_list":{"0":"post-1822","1":"product","2":"type-product","3":"status-publish","4":"has-post-thumbnail","6":"product_cat-akryl","7":"product_cat-surrealizm","9":"first","10":"onbackorder","11":"shipping-taxable","12":"purchasable","13":"product-type-simple"},"_links":{"self":[{"href":"https:\/\/paintgallery.pl\/en\/wp-json\/wp\/v2\/product\/1822","targetHints":{"allow":["GET"]}}],"collection":[{"href":"https:\/\/paintgallery.pl\/en\/wp-json\/wp\/v2\/product"}],"about":[{"href":"https:\/\/paintgallery.pl\/en\/wp-json\/wp\/v2\/types\/product"}],"wp:featuredmedia":[{"embeddable":true,"href":"https:\/\/paintgallery.pl\/en\/wp-json\/wp\/v2\/media\/1823"}],"wp:attachment":[{"href":"https:\/\/paintgallery.pl\/en\/wp-json\/wp\/v2\/media?parent=1822"}],"wp:term":[{"taxonomy":"product_brand","embeddable":true,"href":"https:\/\/paintgallery.pl\/en\/wp-json\/wp\/v2\/product_brand?post=1822"},{"taxonomy":"product_cat","embeddable":true,"href":"https:\/\/paintgallery.pl\/en\/wp-json\/wp\/v2\/product_cat?post=1822"},{"taxonomy":"product_tag","embeddable":true,"href":"https:\/\/paintgallery.pl\/en\/wp-json\/wp\/v2\/product_tag?post=1822"}],"curies":[{"name":"wp","href":"https:\/\/api.w.org\/{rel}","templated":true}]}}