{"id":1774,"date":"2026-01-17T12:58:40","date_gmt":"2026-01-17T11:58:40","guid":{"rendered":"https:\/\/paintgallery.pl\/?post_type=product&#038;p=1774"},"modified":"2026-04-14T14:39:19","modified_gmt":"2026-04-14T12:39:19","slug":"dziewczyna-w-rekawiczkach-wg-tamary-lempickiej","status":"publish","type":"product","link":"https:\/\/paintgallery.pl\/en\/product\/dziewczyna-w-rekawiczkach-wg-tamary-lempickiej\/","title":{"rendered":"Dziewczyna w r\u0119kawiczkach wg. Tamary \u0141empickiej"},"content":{"rendered":"<p>Autor: Jerzy Bukowski<\/p>\n<p>Wymiary: 60 x 90 cm.<\/p>\n<p>Obraz: olej na p\u0142\u00f3tnie, werniksowany<\/p>\n<p>Sygnowany odr\u0119cznym podpisem.<\/p>","protected":false},"excerpt":{"rendered":"<p>Autor: Jerzy Bukowski Wymiary: 60 x 90 cm. Obraz: olej na p\u0142\u00f3tnie, werniksowany Sygnowany odr\u0119cznym podpisem.<\/p>","protected":false},"featured_media":1775,"template":"","meta":{"slim_seo":{"title":"Dziewczyna w r\u0119kawiczkach wg. Tamary \u0141empickiej - Paint Gallery | Galeria obraz\u00f3w","description":"Autor: Jerzy Bukowski Wymiary: 60 x 90 cm. Obraz: olej na p\u0142\u00f3tnie, werniksowany Sygnowany odr\u0119cznym podpisem."}},"product_brand":[],"product_cat":[108,22,104],"product_tag":[],"class_list":{"0":"post-1774","1":"product","2":"type-product","3":"status-publish","4":"has-post-thumbnail","6":"product_cat-kopie","7":"product_cat-olej","8":"product_cat-postacie","10":"first","11":"outofstock","12":"shipping-taxable","13":"purchasable","14":"product-type-simple"},"_links":{"self":[{"href":"https:\/\/paintgallery.pl\/en\/wp-json\/wp\/v2\/product\/1774","targetHints":{"allow":["GET"]}}],"collection":[{"href":"https:\/\/paintgallery.pl\/en\/wp-json\/wp\/v2\/product"}],"about":[{"href":"https:\/\/paintgallery.pl\/en\/wp-json\/wp\/v2\/types\/product"}],"wp:featuredmedia":[{"embeddable":true,"href":"https:\/\/paintgallery.pl\/en\/wp-json\/wp\/v2\/media\/1775"}],"wp:attachment":[{"href":"https:\/\/paintgallery.pl\/en\/wp-json\/wp\/v2\/media?parent=1774"}],"wp:term":[{"taxonomy":"product_brand","embeddable":true,"href":"https:\/\/paintgallery.pl\/en\/wp-json\/wp\/v2\/product_brand?post=1774"},{"taxonomy":"product_cat","embeddable":true,"href":"https:\/\/paintgallery.pl\/en\/wp-json\/wp\/v2\/product_cat?post=1774"},{"taxonomy":"product_tag","embeddable":true,"href":"https:\/\/paintgallery.pl\/en\/wp-json\/wp\/v2\/product_tag?post=1774"}],"curies":[{"name":"wp","href":"https:\/\/api.w.org\/{rel}","templated":true}]}}