{"id":1202,"date":"2025-02-06T11:43:07","date_gmt":"2025-02-06T10:43:07","guid":{"rendered":"https:\/\/paintgallery.pl\/?post_type=product&#038;p=1202"},"modified":"2025-06-13T11:35:32","modified_gmt":"2025-06-13T09:35:32","slug":"zebra","status":"publish","type":"product","link":"https:\/\/paintgallery.pl\/en\/product\/zebra\/","title":{"rendered":"Zebra"},"content":{"rendered":"<p>Autor: John Wysocki<\/p>\n<p>Obraz akryl na p\u0142\u00f3tnie, tekstury mieszane, werniksowany<\/p>\n<p>Wymiarach 80 x 80 cm<\/p>\n<p>Sygnowany odr\u0119cznym podpisem<\/p>","protected":false},"excerpt":{"rendered":"<p>Autor: John Wysocki Obraz akryl na p\u0142\u00f3tnie, tekstury mieszane, werniksowany Wymiarach 80 x 80 cm Sygnowany odr\u0119cznym podpisem<\/p>","protected":false},"featured_media":1203,"template":"","meta":{"slim_seo":{"title":"Zebra - Paint Gallery | Galeria obraz\u00f3w","description":"Autor: John Wysocki Obraz akryl na p\u0142\u00f3tnie, tekstury mieszane, werniksowany Wymiarach 80 x 80 cm Sygnowany odr\u0119cznym podpisem"}},"product_brand":[],"product_cat":[23,94],"product_tag":[],"class_list":{"0":"post-1202","1":"product","2":"type-product","3":"status-publish","4":"has-post-thumbnail","6":"product_cat-akryl","7":"product_cat-zwierzeta","9":"first","10":"onbackorder","11":"shipping-taxable","12":"purchasable","13":"product-type-simple"},"_links":{"self":[{"href":"https:\/\/paintgallery.pl\/en\/wp-json\/wp\/v2\/product\/1202","targetHints":{"allow":["GET"]}}],"collection":[{"href":"https:\/\/paintgallery.pl\/en\/wp-json\/wp\/v2\/product"}],"about":[{"href":"https:\/\/paintgallery.pl\/en\/wp-json\/wp\/v2\/types\/product"}],"wp:featuredmedia":[{"embeddable":true,"href":"https:\/\/paintgallery.pl\/en\/wp-json\/wp\/v2\/media\/1203"}],"wp:attachment":[{"href":"https:\/\/paintgallery.pl\/en\/wp-json\/wp\/v2\/media?parent=1202"}],"wp:term":[{"taxonomy":"product_brand","embeddable":true,"href":"https:\/\/paintgallery.pl\/en\/wp-json\/wp\/v2\/product_brand?post=1202"},{"taxonomy":"product_cat","embeddable":true,"href":"https:\/\/paintgallery.pl\/en\/wp-json\/wp\/v2\/product_cat?post=1202"},{"taxonomy":"product_tag","embeddable":true,"href":"https:\/\/paintgallery.pl\/en\/wp-json\/wp\/v2\/product_tag?post=1202"}],"curies":[{"name":"wp","href":"https:\/\/api.w.org\/{rel}","templated":true}]}}